{"id":11,"date":"2026-04-24T18:37:13","date_gmt":"2026-04-24T18:37:13","guid":{"rendered":"https:\/\/auralumi.shop\/?page_id=11"},"modified":"2026-04-24T19:30:29","modified_gmt":"2026-04-24T19:30:29","slug":"menu","status":"publish","type":"page","link":"https:\/\/auralumi.shop\/","title":{"rendered":"MENU"},"content":{"rendered":"\t\t<div data-elementor-type=\"wp-page\" data-elementor-id=\"11\" class=\"elementor elementor-11\">\n\t\t\t\t<div class=\"elementor-element elementor-element-b6958cb e-flex e-con-boxed e-con e-parent\" data-id=\"b6958cb\" data-element_type=\"container\" data-e-type=\"container\">\n\t\t\t\t\t<div class=\"e-con-inner\">\n\t\t\t\t\t\t\t\n\t\t<img class=\"e-image-base \" \n\t\t\t\t\tdata-interaction-id=\"4d02beb\" \n\t\t \n\t\t \n\t\t\t\t\t\t\t\t\tid=\"31\"\n\t\t\t\t\t\t\t\t\t\t\t\tsrc=\"https:\/\/auralumi.shop\/wp-content\/uploads\/2026\/04\/Auralumi-\u2014-Leclat-du-lissage-scaled.png\"\n\t\t\t\t\t\t\t\t\t\t\t\twidth=\"2560\"\n\t\t\t\t\t\t\t\t\t\t\t\theight=\"1280\"\n\t\t\t\t\t\t\t\t\t\t\t\tsrcset=\"https:\/\/auralumi.shop\/wp-content\/uploads\/2026\/04\/Auralumi-\u2014-Leclat-du-lissage-scaled.png 2560w, https:\/\/auralumi.shop\/wp-content\/uploads\/2026\/04\/Auralumi-\u2014-Leclat-du-lissage-300x150.png 300w, https:\/\/auralumi.shop\/wp-content\/uploads\/2026\/04\/Auralumi-\u2014-Leclat-du-lissage-1024x512.png 1024w, https:\/\/auralumi.shop\/wp-content\/uploads\/2026\/04\/Auralumi-\u2014-Leclat-du-lissage-768x384.png 768w, https:\/\/auralumi.shop\/wp-content\/uploads\/2026\/04\/Auralumi-\u2014-Leclat-du-lissage-1536x768.png 1536w, https:\/\/auralumi.shop\/wp-content\/uploads\/2026\/04\/Auralumi-\u2014-Leclat-du-lissage-2048x1024.png 2048w, https:\/\/auralumi.shop\/wp-content\/uploads\/2026\/04\/Auralumi-\u2014-Leclat-du-lissage-600x300.png 600w\"\n\t\t\t\t\t\t\t\t\t\t\t\talt=\"\"\n\t\t\t\t\t\t\/>\n\t\t\t\t\t\t<\/div>\n\t\t\t\t<\/div>\n\t\t<div class=\"elementor-element elementor-element-ecf3373 e-flex e-con-boxed e-con e-parent\" data-id=\"ecf3373\" data-element_type=\"container\" data-e-type=\"container\">\n\t\t\t\t\t<div class=\"e-con-inner\">\n\t\t\t\t<div class=\"elementor-element elementor-element-1b61846 elementor-widget elementor-widget-heading\" data-id=\"1b61846\" data-element_type=\"widget\" data-e-type=\"widget\" data-widget_type=\"heading.default\">\n\t\t\t\t\t<h4 class=\"elementor-heading-title elementor-size-default\">Resultados Reais: O Poder da Nova Tecnologia Lumi\u00e8re\n\n\ufeffEsque\u00e7a as progressivas agressivas que dependem de horas de chapinha. Nossas f\u00f3rmulas foram desenvolvidas para atuar na fibra capilar de forma inteligente, entregando o liso dos sonhos com a sa\u00fade que seu cabelo merece.\n\n<\/h4>\t\t\t\t<\/div>\n\t\t\t\t\t<\/div>\n\t\t\t\t<\/div>\n\t\t<div class=\"elementor-element elementor-element-6ce7dde e-flex e-con-boxed e-con e-parent\" data-id=\"6ce7dde\" data-element_type=\"container\" data-e-type=\"container\">\n\t\t\t\t\t<div class=\"e-con-inner\">\n\t\t<div class=\"elementor-element elementor-element-9956454 e-con-full e-flex e-con e-child\" data-id=\"9956454\" data-element_type=\"container\" data-e-type=\"container\">\n\t\t\t\t<\/div>\n\t\t<div class=\"elementor-element elementor-element-982a8a1 e-con-full e-flex e-con e-child\" data-id=\"982a8a1\" data-element_type=\"container\" data-e-type=\"container\">\n\t\t\t\t<\/div>\n\t\t\t\t\t<\/div>\n\t\t\t\t<\/div>\n\t\t\t\t<div class=\"elementor-element elementor-element-ecdab5d e-con e-atomic-element e-flexbox-base\" data-id=\"ecdab5d\" data-element_type=\"e-flexbox\" data-e-type=\"e-flexbox\" data-interaction-id=\"ecdab5d\">\n\t\t\t\t\t\n<hr class=\"e-556f390-a24dbe9 e-divider-base\" data-interaction-id=\"556f390\"   \/>\n\t\t\t\t<\/div>\n\t\t<div class=\"e-con e-atomic-element e-tabs-base \" data-id=\"0bffb7d\" data-element_type=\"e-tabs\" data-e-type=\"e-tabs\" data-interaction-id=\"0bffb7d\" data-interactions=\"null\" x-data=\"eTabs0bffb7d\" data-e-settings=\"&#x7B;&quot;default-active-tab&quot;&#x3A;&quot;0bffb7d-tab-0&quot;&#x7D;\" >\n    <div class=\"e-con e-atomic-element e-tabs-menu-base \" data-id=\"0114b4b\" data-element_type=\"e-tabs-menu\" data-e-type=\"e-tabs-menu\" data-interaction-id=\"0114b4b\" data-interactions=\"null\" role=\"tablist\" ><button class=\"e-con e-atomic-element e-tab-base  e--selected\" data-id=\"5f47f51\" data-element_type=\"e-tab\" data-e-type=\"e-tab\" data-interaction-id=\"5f47f51\" data-interactions=\"null\" role=\"tab\" tabindex=\"0\" aria-selected=\"true\" x-bind=\"tab\" x-ref=\"5f47f51\" id=\"0bffb7d-tab-0\" aria-controls=\"0bffb7d-tab-content-0\" >\t\t\t\t\t\t<span class=\"e-paragraph-base\" data-interaction-id=\"c3a2b04\"  >\n\t\t\t\t\t\t\t\tTab 1\n\t\t\t\t\t<\/span>\n\t\t<\/button>\n<button class=\"e-con e-atomic-element e-tab-base \" data-id=\"7a69304\" data-element_type=\"e-tab\" data-e-type=\"e-tab\" data-interaction-id=\"7a69304\" data-interactions=\"null\" role=\"tab\" tabindex=\"-1\" aria-selected=\"false\" x-bind=\"tab\" x-ref=\"7a69304\" id=\"0bffb7d-tab-1\" aria-controls=\"0bffb7d-tab-content-1\" >\t\t\t\t\t\t<span class=\"e-paragraph-base\" data-interaction-id=\"be1b4eb\"  >\n\t\t\t\t\t\t\t\tTab 2\n\t\t\t\t\t<\/span>\n\t\t<\/button>\n<button class=\"e-con e-atomic-element e-tab-base \" data-id=\"4cba55a\" data-element_type=\"e-tab\" data-e-type=\"e-tab\" data-interaction-id=\"4cba55a\" data-interactions=\"null\" role=\"tab\" tabindex=\"-1\" aria-selected=\"false\" x-bind=\"tab\" x-ref=\"4cba55a\" id=\"0bffb7d-tab-2\" aria-controls=\"0bffb7d-tab-content-2\" >\t\t\t\t\t\t<span class=\"e-paragraph-base\" data-interaction-id=\"75b1430\"  >\n\t\t\t\t\t\t\t\tTab 3\n\t\t\t\t\t<\/span>\n\t\t<\/button>\n<\/div>\n<div class=\"e-con e-atomic-element e-tabs-content-area-base \" data-id=\"d15a7bf\" data-element_type=\"e-tabs-content-area\" data-e-type=\"e-tabs-content-area\" data-interaction-id=\"d15a7bf\" data-interactions=\"null\" ><div class=\"e-con e-atomic-element e-tab-content-base  e--selected\" data-id=\"13d4e31\" data-element_type=\"e-tab-content\" data-e-type=\"e-tab-content\" data-interaction-id=\"13d4e31\" data-interactions=\"null\" role=\"tabpanel\" x-bind=\"tabContent\" id=\"0bffb7d-tab-content-0\" aria-labelledby=\"0bffb7d-tab-0\" ><\/div>\n<div class=\"e-con e-atomic-element e-tab-content-base \" data-id=\"7ad0536\" data-element_type=\"e-tab-content\" data-e-type=\"e-tab-content\" data-interaction-id=\"7ad0536\" data-interactions=\"null\" role=\"tabpanel\" x-bind=\"tabContent\" id=\"0bffb7d-tab-content-1\" aria-labelledby=\"0bffb7d-tab-1\" hidden=\"true\" style=\"display: none;\" ><\/div>\n<div class=\"e-con e-atomic-element e-tab-content-base \" data-id=\"21437c8\" data-element_type=\"e-tab-content\" data-e-type=\"e-tab-content\" data-interaction-id=\"21437c8\" data-interactions=\"null\" role=\"tabpanel\" x-bind=\"tabContent\" id=\"0bffb7d-tab-content-2\" aria-labelledby=\"0bffb7d-tab-2\" hidden=\"true\" style=\"display: none;\" ><\/div>\n<\/div>\n\n<\/div>\n\t\t\n<div class=\"elementor-element elementor-element-02af849 e-flex e-con-boxed e-con e-parent\" data-id=\"02af849\" data-element_type=\"container\" data-e-type=\"container\" data-settings=\"{&quot;shape_divider_top&quot;:&quot;tilt&quot;}\">\n\t\t\t\t\t<div class=\"e-con-inner\">\n\t\t\t\t<div class=\"elementor-shape elementor-shape-top\" aria-hidden=\"true\" data-negative=\"false\">\n\t\t\t<svg xmlns=\"http:\/\/www.w3.org\/2000\/svg\" viewBox=\"0 0 1000 100\" preserveAspectRatio=\"none\">\n\t<path class=\"elementor-shape-fill\" d=\"M0,6V0h1000v100L0,6z\"\/>\n<\/svg>\t\t<\/div>\n\t\t\t\t\t<\/div>\n\t\t\t\t<\/div>\n\t\t\t\t<\/div>\n\t\t","protected":false},"excerpt":{"rendered":"<p>Resultados Reais: O Poder da Nova Tecnologia Lumi\u00e8re \ufeffEsque\u00e7a as progressivas agressivas que dependem de horas de chapinha. Nossas f\u00f3rmulas foram desenvolvidas para atuar na fibra capilar de forma inteligente, entregando o liso dos sonhos com a sa\u00fade que seu cabelo merece. Tab 1 Tab 2 Tab 3<\/p>\n","protected":false},"author":1,"featured_media":0,"parent":0,"menu_order":0,"comment_status":"closed","ping_status":"closed","template":"","meta":{"footnotes":""},"class_list":["post-11","page","type-page","status-publish","hentry"],"_links":{"self":[{"href":"https:\/\/auralumi.shop\/index.php?rest_route=\/wp\/v2\/pages\/11","targetHints":{"allow":["GET"]}}],"collection":[{"href":"https:\/\/auralumi.shop\/index.php?rest_route=\/wp\/v2\/pages"}],"about":[{"href":"https:\/\/auralumi.shop\/index.php?rest_route=\/wp\/v2\/types\/page"}],"author":[{"embeddable":true,"href":"https:\/\/auralumi.shop\/index.php?rest_route=\/wp\/v2\/users\/1"}],"replies":[{"embeddable":true,"href":"https:\/\/auralumi.shop\/index.php?rest_route=%2Fwp%2Fv2%2Fcomments&post=11"}],"version-history":[{"count":4,"href":"https:\/\/auralumi.shop\/index.php?rest_route=\/wp\/v2\/pages\/11\/revisions"}],"predecessor-version":[{"id":45,"href":"https:\/\/auralumi.shop\/index.php?rest_route=\/wp\/v2\/pages\/11\/revisions\/45"}],"wp:attachment":[{"href":"https:\/\/auralumi.shop\/index.php?rest_route=%2Fwp%2Fv2%2Fmedia&parent=11"}],"curies":[{"name":"wp","href":"https:\/\/api.w.org\/{rel}","templated":true}]}}